{"id":369,"date":"2021-08-20T10:41:15","date_gmt":"2021-08-20T08:41:15","guid":{"rendered":"http:\/\/test.holzpflaster-boehrigen.de\/?page_id=369"},"modified":"2021-08-20T10:44:30","modified_gmt":"2021-08-20T08:44:30","slug":"impressum","status":"publish","type":"page","link":"https:\/\/holzpflaster-boehrigen.de\/en\/impressum\/","title":{"rendered":"Imprint"},"content":{"rendered":"<div data-elementor-type=\"wp-page\" data-elementor-id=\"369\" class=\"elementor elementor-369\">\n\t\t\t\t\t\t<section class=\"elementor-section elementor-top-section elementor-element elementor-element-5fd5a59 elementor-section-boxed elementor-section-height-default elementor-section-height-default\" data-id=\"5fd5a59\" data-element_type=\"section\">\n\t\t\t\t\t\t<div class=\"elementor-container elementor-column-gap-default\">\n\t\t\t\t\t<div class=\"elementor-column elementor-col-100 elementor-top-column elementor-element elementor-element-4817e05\" data-id=\"4817e05\" data-element_type=\"column\">\n\t\t\t<div class=\"elementor-widget-wrap elementor-element-populated\">\n\t\t\t\t\t\t<div class=\"elementor-element elementor-element-bc65645 elementor-widget elementor-widget-text-editor\" data-id=\"bc65645\" data-element_type=\"widget\" data-widget_type=\"text-editor.default\">\n\t\t\t\t<div class=\"elementor-widget-container\">\n\t\t\t\t\t\t\t\t\t<ul><li>Diensteanbieter und verantwortlich f\u00fcr den Inhalt:<br \/>Holzpflasterwerk B\u00f6hrigen GmbH<br \/>Karl-Wagner-Stra\u00dfe 2B<br \/>09661 Striegistal OT B\u00f6hrigen<br \/>Telefon: 03 43 22 \/ 4 30 20<br \/>Telefax: 03 43 22 \/ 4 47 99<br \/>Email: info[at]holzpflaster-boehrigen.de<br \/>Gesch\u00e4ftsf\u00fchrender Gesellschafter: Kay Herzberg<br \/>Handelsregister Chemnitz HRB 25 221<br \/>USt-IdNr.: DE 266 312 519<\/li><li>Haftungsausschlu\u00df:<br \/>F\u00fcr den Fall, dass diese Website unzutreffende Informationen ver\u00f6ffentlicht oder in Programmen oder Datenbanken Fehler enthalten sein sollten, kommt eine Haftung ausschlie\u00dflich bei grober Fahrl\u00e4ssigkeit in Betracht. Ferner wird keine Haftung f\u00fcr Sch\u00e4den \u00fcbernommen, die durch von dieser Website bezogene Software entsteht.<\/li><li>Urheberrecht:<br \/>Das Layout, die Gestaltung, Bilder, Grafiken und Texte des Informationsangebotes sind urheberrechtlich gesch\u00fctzt. Die Weiterverwendung und Vervielf\u00e4ltigung ist nur f\u00fcr private Zwecke gestattet. Ver\u00e4nderungen daran d\u00fcrfen nicht vorgenommen werden.<\/li><li>Bildnachweis:<br \/>Holzpflasterwerk B\u00f6hrigen GmbH<br \/>&#8230;<br \/>&#8230;<\/li><\/ul>\t\t\t\t\t\t\t\t<\/div>\n\t\t\t\t<\/div>\n\t\t\t\t\t<\/div>\n\t\t<\/div>\n\t\t\t\t\t<\/div>\n\t\t<\/section>\n\t\t\t\t<\/div>","protected":false},"excerpt":{"rendered":"<p>Diensteanbieter und verantwortlich f\u00fcr den Inhalt:Holzpflasterwerk B\u00f6hrigen GmbHKarl-Wagner-Stra\u00dfe 2B09661 Striegistal OT B\u00f6hrigenTelefon: 03 43 22 \/ 4 30 20Telefax: 03 43 22 \/ 4 47 99Email: info[at]holzpflaster-boehrigen.deGesch\u00e4ftsf\u00fchrender Gesellschafter: Kay HerzbergHandelsregister Chemnitz HRB 25 221USt-IdNr.: DE 266 312 519 Haftungsausschlu\u00df:F\u00fcr den Fall, dass diese Website unzutreffende Informationen ver\u00f6ffentlicht oder in Programmen oder Datenbanken Fehler enthalten sein [&hellip;]<\/p>","protected":false},"author":1,"featured_media":0,"parent":0,"menu_order":0,"comment_status":"closed","ping_status":"closed","template":"","meta":{"ocean_post_layout":"full-width","ocean_both_sidebars_style":"","ocean_both_sidebars_content_width":0,"ocean_both_sidebars_sidebars_width":0,"ocean_sidebar":"0","ocean_second_sidebar":"0","ocean_disable_margins":"enable","ocean_add_body_class":"","ocean_shortcode_before_top_bar":"","ocean_shortcode_after_top_bar":"","ocean_shortcode_before_header":"","ocean_shortcode_after_header":"","ocean_has_shortcode":"","ocean_shortcode_after_title":"","ocean_shortcode_before_footer_widgets":"","ocean_shortcode_after_footer_widgets":"","ocean_shortcode_before_footer_bottom":"","ocean_shortcode_after_footer_bottom":"","ocean_display_top_bar":"default","ocean_display_header":"default","ocean_header_style":"","ocean_center_header_left_menu":"0","ocean_custom_header_template":"0","ocean_custom_logo":0,"ocean_custom_retina_logo":0,"ocean_custom_logo_max_width":0,"ocean_custom_logo_tablet_max_width":0,"ocean_custom_logo_mobile_max_width":0,"ocean_custom_logo_max_height":0,"ocean_custom_logo_tablet_max_height":0,"ocean_custom_logo_mobile_max_height":0,"ocean_header_custom_menu":"0","ocean_menu_typo_font_family":"0","ocean_menu_typo_font_subset":"","ocean_menu_typo_font_size":0,"ocean_menu_typo_font_size_tablet":0,"ocean_menu_typo_font_size_mobile":0,"ocean_menu_typo_font_size_unit":"px","ocean_menu_typo_font_weight":"","ocean_menu_typo_font_weight_tablet":"","ocean_menu_typo_font_weight_mobile":"","ocean_menu_typo_transform":"","ocean_menu_typo_transform_tablet":"","ocean_menu_typo_transform_mobile":"","ocean_menu_typo_line_height":0,"ocean_menu_typo_line_height_tablet":0,"ocean_menu_typo_line_height_mobile":0,"ocean_menu_typo_line_height_unit":"","ocean_menu_typo_spacing":0,"ocean_menu_typo_spacing_tablet":0,"ocean_menu_typo_spacing_mobile":0,"ocean_menu_typo_spacing_unit":"","ocean_menu_link_color":"","ocean_menu_link_color_hover":"","ocean_menu_link_color_active":"","ocean_menu_link_background":"","ocean_menu_link_hover_background":"","ocean_menu_link_active_background":"","ocean_menu_social_links_bg":"","ocean_menu_social_hover_links_bg":"","ocean_menu_social_links_color":"","ocean_menu_social_hover_links_color":"","ocean_disable_title":"default","ocean_disable_heading":"default","ocean_post_title":"","ocean_post_subheading":"","ocean_post_title_style":"","ocean_post_title_background_color":"","ocean_post_title_background":0,"ocean_post_title_bg_image_position":"","ocean_post_title_bg_image_attachment":"","ocean_post_title_bg_image_repeat":"","ocean_post_title_bg_image_size":"","ocean_post_title_height":0,"ocean_post_title_bg_overlay":0.5,"ocean_post_title_bg_overlay_color":"","ocean_disable_breadcrumbs":"default","ocean_breadcrumbs_color":"","ocean_breadcrumbs_separator_color":"","ocean_breadcrumbs_links_color":"","ocean_breadcrumbs_links_hover_color":"","ocean_display_footer_widgets":"off","ocean_display_footer_bottom":"off","ocean_custom_footer_template":"0","footnotes":""},"class_list":["post-369","page","type-page","status-publish","hentry","entry"],"yoast_head":"<!-- This site is optimized with the Yoast SEO plugin v26.0 - https:\/\/yoast.com\/wordpress\/plugins\/seo\/ -->\n<title>Impressum - Holzpflasterwerk B\u00f6hrigen GmbH<\/title>\n<meta name=\"robots\" content=\"index, follow, max-snippet:-1, max-image-preview:large, max-video-preview:-1\" \/>\n<link rel=\"canonical\" href=\"https:\/\/holzpflaster-boehrigen.de\/en\/impressum\/\" \/>\n<meta property=\"og:locale\" content=\"en_GB\" \/>\n<meta property=\"og:type\" content=\"article\" \/>\n<meta property=\"og:title\" content=\"Impressum - Holzpflasterwerk B\u00f6hrigen GmbH\" \/>\n<meta property=\"og:description\" content=\"Diensteanbieter und verantwortlich f\u00fcr den Inhalt:Holzpflasterwerk B\u00f6hrigen GmbHKarl-Wagner-Stra\u00dfe 2B09661 Striegistal OT B\u00f6hrigenTelefon: 03 43 22 \/ 4 30 20Telefax: 03 43 22 \/ 4 47 99Email: info[at]holzpflaster-boehrigen.deGesch\u00e4ftsf\u00fchrender Gesellschafter: Kay HerzbergHandelsregister Chemnitz HRB 25 221USt-IdNr.: DE 266 312 519 Haftungsausschlu\u00df:F\u00fcr den Fall, dass diese Website unzutreffende Informationen ver\u00f6ffentlicht oder in Programmen oder Datenbanken Fehler enthalten sein [&hellip;]\" \/>\n<meta property=\"og:url\" content=\"https:\/\/holzpflaster-boehrigen.de\/en\/impressum\/\" \/>\n<meta property=\"og:site_name\" content=\"Holzpflasterwerk B\u00f6hrigen GmbH\" \/>\n<meta property=\"article:modified_time\" content=\"2021-08-20T08:44:30+00:00\" \/>\n<meta name=\"twitter:card\" content=\"summary_large_image\" \/>\n<meta name=\"twitter:label1\" content=\"Estimated reading time\" \/>\n\t<meta name=\"twitter:data1\" content=\"1 minute\" \/>\n<script type=\"application\/ld+json\" class=\"yoast-schema-graph\">{\"@context\":\"https:\/\/schema.org\",\"@graph\":[{\"@type\":\"WebPage\",\"@id\":\"https:\/\/holzpflaster-boehrigen.de\/impressum\/\",\"url\":\"https:\/\/holzpflaster-boehrigen.de\/impressum\/\",\"name\":\"Impressum - Holzpflasterwerk B\u00f6hrigen GmbH\",\"isPartOf\":{\"@id\":\"https:\/\/holzpflaster-boehrigen.de\/#website\"},\"datePublished\":\"2021-08-20T08:41:15+00:00\",\"dateModified\":\"2021-08-20T08:44:30+00:00\",\"breadcrumb\":{\"@id\":\"https:\/\/holzpflaster-boehrigen.de\/impressum\/#breadcrumb\"},\"inLanguage\":\"en-GB\",\"potentialAction\":[{\"@type\":\"ReadAction\",\"target\":[\"https:\/\/holzpflaster-boehrigen.de\/impressum\/\"]}]},{\"@type\":\"BreadcrumbList\",\"@id\":\"https:\/\/holzpflaster-boehrigen.de\/impressum\/#breadcrumb\",\"itemListElement\":[{\"@type\":\"ListItem\",\"position\":1,\"name\":\"Startseite\",\"item\":\"https:\/\/holzpflaster-boehrigen.de\/\"},{\"@type\":\"ListItem\",\"position\":2,\"name\":\"Impressum\"}]},{\"@type\":\"WebSite\",\"@id\":\"https:\/\/holzpflaster-boehrigen.de\/#website\",\"url\":\"https:\/\/holzpflaster-boehrigen.de\/\",\"name\":\"Holzpflasterwerk B\u00f6hrigen GmbH\",\"description\":\"\",\"publisher\":{\"@id\":\"https:\/\/holzpflaster-boehrigen.de\/#organization\"},\"potentialAction\":[{\"@type\":\"SearchAction\",\"target\":{\"@type\":\"EntryPoint\",\"urlTemplate\":\"https:\/\/holzpflaster-boehrigen.de\/?s={search_term_string}\"},\"query-input\":{\"@type\":\"PropertyValueSpecification\",\"valueRequired\":true,\"valueName\":\"search_term_string\"}}],\"inLanguage\":\"en-GB\"},{\"@type\":\"Organization\",\"@id\":\"https:\/\/holzpflaster-boehrigen.de\/#organization\",\"name\":\"Holzpflasterwerk B\u00f6hrigen GmbH\",\"url\":\"https:\/\/holzpflaster-boehrigen.de\/\",\"logo\":{\"@type\":\"ImageObject\",\"inLanguage\":\"en-GB\",\"@id\":\"https:\/\/holzpflaster-boehrigen.de\/#\/schema\/logo\/image\/\",\"url\":\"https:\/\/holzpflaster-boehrigen.de\/wp-content\/uploads\/2021\/08\/cropped-logo01.png\",\"contentUrl\":\"https:\/\/holzpflaster-boehrigen.de\/wp-content\/uploads\/2021\/08\/cropped-logo01.png\",\"width\":180,\"height\":180,\"caption\":\"Holzpflasterwerk B\u00f6hrigen GmbH\"},\"image\":{\"@id\":\"https:\/\/holzpflaster-boehrigen.de\/#\/schema\/logo\/image\/\"}}]}<\/script>\n<!-- \/ Yoast SEO plugin. -->","yoast_head_json":{"title":"Impressum - Holzpflasterwerk B\u00f6hrigen GmbH","robots":{"index":"index","follow":"follow","max-snippet":"max-snippet:-1","max-image-preview":"max-image-preview:large","max-video-preview":"max-video-preview:-1"},"canonical":"https:\/\/holzpflaster-boehrigen.de\/en\/impressum\/","og_locale":"en_GB","og_type":"article","og_title":"Impressum - Holzpflasterwerk B\u00f6hrigen GmbH","og_description":"Diensteanbieter und verantwortlich f\u00fcr den Inhalt:Holzpflasterwerk B\u00f6hrigen GmbHKarl-Wagner-Stra\u00dfe 2B09661 Striegistal OT B\u00f6hrigenTelefon: 03 43 22 \/ 4 30 20Telefax: 03 43 22 \/ 4 47 99Email: info[at]holzpflaster-boehrigen.deGesch\u00e4ftsf\u00fchrender Gesellschafter: Kay HerzbergHandelsregister Chemnitz HRB 25 221USt-IdNr.: DE 266 312 519 Haftungsausschlu\u00df:F\u00fcr den Fall, dass diese Website unzutreffende Informationen ver\u00f6ffentlicht oder in Programmen oder Datenbanken Fehler enthalten sein [&hellip;]","og_url":"https:\/\/holzpflaster-boehrigen.de\/en\/impressum\/","og_site_name":"Holzpflasterwerk B\u00f6hrigen GmbH","article_modified_time":"2021-08-20T08:44:30+00:00","twitter_card":"summary_large_image","twitter_misc":{"Estimated reading time":"1 minute"},"schema":{"@context":"https:\/\/schema.org","@graph":[{"@type":"WebPage","@id":"https:\/\/holzpflaster-boehrigen.de\/impressum\/","url":"https:\/\/holzpflaster-boehrigen.de\/impressum\/","name":"Impressum - Holzpflasterwerk B\u00f6hrigen GmbH","isPartOf":{"@id":"https:\/\/holzpflaster-boehrigen.de\/#website"},"datePublished":"2021-08-20T08:41:15+00:00","dateModified":"2021-08-20T08:44:30+00:00","breadcrumb":{"@id":"https:\/\/holzpflaster-boehrigen.de\/impressum\/#breadcrumb"},"inLanguage":"en-GB","potentialAction":[{"@type":"ReadAction","target":["https:\/\/holzpflaster-boehrigen.de\/impressum\/"]}]},{"@type":"BreadcrumbList","@id":"https:\/\/holzpflaster-boehrigen.de\/impressum\/#breadcrumb","itemListElement":[{"@type":"ListItem","position":1,"name":"Startseite","item":"https:\/\/holzpflaster-boehrigen.de\/"},{"@type":"ListItem","position":2,"name":"Impressum"}]},{"@type":"WebSite","@id":"https:\/\/holzpflaster-boehrigen.de\/#website","url":"https:\/\/holzpflaster-boehrigen.de\/","name":"Holzpflasterwerk B\u00f6hrigen GmbH","description":"","publisher":{"@id":"https:\/\/holzpflaster-boehrigen.de\/#organization"},"potentialAction":[{"@type":"SearchAction","target":{"@type":"EntryPoint","urlTemplate":"https:\/\/holzpflaster-boehrigen.de\/?s={search_term_string}"},"query-input":{"@type":"PropertyValueSpecification","valueRequired":true,"valueName":"search_term_string"}}],"inLanguage":"en-GB"},{"@type":"Organization","@id":"https:\/\/holzpflaster-boehrigen.de\/#organization","name":"Holzpflasterwerk B\u00f6hrigen GmbH","url":"https:\/\/holzpflaster-boehrigen.de\/","logo":{"@type":"ImageObject","inLanguage":"en-GB","@id":"https:\/\/holzpflaster-boehrigen.de\/#\/schema\/logo\/image\/","url":"https:\/\/holzpflaster-boehrigen.de\/wp-content\/uploads\/2021\/08\/cropped-logo01.png","contentUrl":"https:\/\/holzpflaster-boehrigen.de\/wp-content\/uploads\/2021\/08\/cropped-logo01.png","width":180,"height":180,"caption":"Holzpflasterwerk B\u00f6hrigen GmbH"},"image":{"@id":"https:\/\/holzpflaster-boehrigen.de\/#\/schema\/logo\/image\/"}}]}},"_links":{"self":[{"href":"https:\/\/holzpflaster-boehrigen.de\/en\/wp-json\/wp\/v2\/pages\/369","targetHints":{"allow":["GET"]}}],"collection":[{"href":"https:\/\/holzpflaster-boehrigen.de\/en\/wp-json\/wp\/v2\/pages"}],"about":[{"href":"https:\/\/holzpflaster-boehrigen.de\/en\/wp-json\/wp\/v2\/types\/page"}],"author":[{"embeddable":true,"href":"https:\/\/holzpflaster-boehrigen.de\/en\/wp-json\/wp\/v2\/users\/1"}],"replies":[{"embeddable":true,"href":"https:\/\/holzpflaster-boehrigen.de\/en\/wp-json\/wp\/v2\/comments?post=369"}],"version-history":[{"count":4,"href":"https:\/\/holzpflaster-boehrigen.de\/en\/wp-json\/wp\/v2\/pages\/369\/revisions"}],"predecessor-version":[{"id":373,"href":"https:\/\/holzpflaster-boehrigen.de\/en\/wp-json\/wp\/v2\/pages\/369\/revisions\/373"}],"wp:attachment":[{"href":"https:\/\/holzpflaster-boehrigen.de\/en\/wp-json\/wp\/v2\/media?parent=369"}],"curies":[{"name":"wp","href":"https:\/\/api.w.org\/{rel}","templated":true}]}}