{"id":358,"date":"2021-08-20T10:28:59","date_gmt":"2021-08-20T08:28:59","guid":{"rendered":"http:\/\/test.holzpflaster-boehrigen.de\/?page_id=358"},"modified":"2025-09-12T10:11:48","modified_gmt":"2025-09-12T08:11:48","slug":"datenschutzerklaerung","status":"publish","type":"page","link":"https:\/\/holzpflaster-boehrigen.de\/en\/datenschutzerklaerung\/","title":{"rendered":"Privacy policy"},"content":{"rendered":"<div data-elementor-type=\"wp-page\" data-elementor-id=\"358\" class=\"elementor elementor-358\">\n\t\t\t\t\t\t<section class=\"elementor-section elementor-top-section elementor-element elementor-element-54fd4cd elementor-section-boxed elementor-section-height-default elementor-section-height-default\" data-id=\"54fd4cd\" data-element_type=\"section\">\n\t\t\t\t\t\t<div class=\"elementor-container elementor-column-gap-default\">\n\t\t\t\t\t<div class=\"elementor-column elementor-col-100 elementor-top-column elementor-element elementor-element-b2ca056\" data-id=\"b2ca056\" data-element_type=\"column\">\n\t\t\t<div class=\"elementor-widget-wrap elementor-element-populated\">\n\t\t\t\t\t\t<div class=\"elementor-element elementor-element-ec90da6 elementor-widget elementor-widget-text-editor\" data-id=\"ec90da6\" data-element_type=\"widget\" data-widget_type=\"text-editor.default\">\n\t\t\t\t<div class=\"elementor-widget-container\">\n\t\t\t\t\t\t\t\t\t<ul><li>Geltungsbereich<br \/>Diese Datenschutzerkl\u00e4rung soll die Nutzer dieser Website gem\u00e4\u00df Bundesdatenschutzgesetz und Telemediengesetz \u00fcber die Art, den Umfang und den Zweck der Erhebung und Verwendung personenbezogener Daten durch den Websitebetreiber informieren.<br \/>Der Websitebetreiber nimmt Ihren Datenschutz sehr ernst und behandelt Ihre personenbezogenen Daten vertraulich und entsprechend der gesetzlichen Vorschriften.<\/li><li>Verantwortliche Stelle (Websitebetreiber)<br \/>Verantwortliche Stelle f\u00fcr die Erhebung, Verarbeitung und Nutzung Ihrer personenbezogenen Daten im Sinne des Bundesdatenschutzgesetzes ist die Holzpflasterwerk B\u00f6hrigen GmbH, Karl-Wagner-Stra\u00dfe 2B, 09661 Striegistal OT B\u00f6hrigen.<br \/>Sofern Sie der Erhebung, Verarbeitung oder Nutzung Ihrer Daten durch den Websitebetreiber nach Ma\u00dfgabe dieser Datenschutzbestimmungen insgesamt oder f\u00fcr einzelne Ma\u00dfnahmen widersprechen wollen, k\u00f6nnen Sie Ihren Widerspruch per E-Mail, Fax oder Brief an folgende Kontaktdaten senden:<br \/>Holzpflasterwerk B\u00f6hrigen GmbH<br \/>Karl-Wagner-Stra\u00dfe 2B<br \/>09661 Striegistal OT B\u00f6hrigen<br \/>Telefon: 03 43 22 \/ 4 30 20<br \/>Telefax: 03 43 22 \/ 4 47 99<br \/>info[at]holzpflaster-boehrigen.de<br \/>Bedenken Sie, dass die Daten\u00fcbertragung im Internet grunds\u00e4tzlich mit Sicherheitsl\u00fccken bedacht sein kann. Ein vollumf\u00e4nglicher Schutz vor dem Zugriff durch Fremde ist nicht realisierbar.<\/li><li>Zugriffsdaten<br \/>Der Websitebetreiber bzw. Seitenprovider erhebt Daten \u00fcber Zugriffe auf die Seite und speichert diese als \u201eServer-Logfiles\u201c ab. Folgende Daten werden so protokolliert:<br \/>&#8211; Besuchte Website<br \/>&#8211; Uhrzeit zum Zeitpunkt des Zugriffes<br \/>&#8211; Menge der gesendeten Daten in Byte<br \/>&#8211; Quelle\/Verweis, von welchem Sie auf die Seite gelangten<br \/>&#8211; Verwendeter Browser<br \/>&#8211; Verwendetes Betriebssystem<br \/>&#8211; Verwendete IP-Adresse<br \/>Die erhobenen Daten dienen lediglich statistischen Auswertungen und zur Verbesserung der Website. Der Websitebetreiber beh\u00e4lt sich allerdings vor, die Server-Logfiles nachtr\u00e4glich zu \u00fcberpr\u00fcfen, sollten konkrete Anhaltspunkte auf eine rechtswidrige Nutzung hinweisen.<\/li><li>Cookies<br \/>Diese Website verwendet Cookies. Dabei handelt es sich um kleine Textdateien, welche auf Ihrem Endger\u00e4t gespeichert werden. Ihr Browser greift auf diese Dateien zu. Durch den Einsatz von Cookies erh\u00f6ht sich die Benutzerfreundlichkeit und Sicherheit dieser Website.<br \/>G\u00e4ngige Browser bieten die Einstellungsoption, Cookies nicht zuzulassen. Hinweis: Es ist nicht gew\u00e4hrleistet, dass Sie auf alle Funktionen dieser Website ohne Einschr\u00e4nkungen zugreifen k\u00f6nnen, wenn Sie entsprechende Einstellungen vornehmen.<\/li><li>Umgang mit personenbezogenen Daten<br \/>Der Websitebetreiber erhebt, nutzt und gibt Ihre personenbezogenen Daten nur dann weiter, wenn dies im gesetzlichen Rahmen erlaubt ist oder Sie in die Datenerhebung einwilligen.<br \/>Als personenbezogene Daten gelten s\u00e4mtliche Informationen, welche dazu dienen, Ihre Person zu bestimmen und welche zu Ihnen zur\u00fcckverfolgt werden k\u00f6nnen \u2013 also beispielsweise Ihr Name, Ihre E-Mail-Adresse und Telefonnummer.<\/li><li>Umgang mit Kontaktdaten<br \/>Nehmen Sie mit dem Websitebetreiber durch die angebotenen Kontaktm\u00f6glichkeiten Verbindung auf, werden Ihre Angaben gespeichert, damit auf diese zur Bearbeitung und Beantwortung Ihrer Anfrage zur\u00fcckgegriffen werden kann. Ohne Ihre Einwilligung werden diese Daten nicht an Dritte weitergegeben.<\/li><li>Umgang mit Kommentaren und Beitr\u00e4gen<br \/>Hinterlassen Sie auf dieser Website einen Beitrag oder Kommentar, wird Ihre IP-Adresse gespeichert. Dies dient der Sicherheit des Websitebetreibers: Verst\u00f6\u00dft Ihr Text gegen das Recht, m\u00f6chte er Ihre Identit\u00e4t nachverfolgen k\u00f6nnen.<\/li><li>Google Analytics<br \/>Diese Website nutzt den Dienst \u201eGoogle Analytics\u201c, welcher von der Google Inc. (1600 Amphitheatre Parkway Mountain View, CA 94043, USA) angeboten wird, zur Analyse der Websitebenutzung durch Nutzer. Der Dienst verwendet \u201eCookies\u201c \u2013 Textdateien, welche auf Ihrem Endger\u00e4t gespeichert werden. Die durch die Cookies gesammelten Informationen werden im Regelfall an einen Google-Server in den USA gesandt und dort gespeichert.<br \/>Auf dieser Website greift die IP-Anonymisierung. Die IP-Adresse der Nutzer wird innerhalb der Mitgliedsstaaten der EU und des Europ\u00e4ischen Wirtschaftsraum gek\u00fcrzt. Durch diese K\u00fcrzung entf\u00e4llt der Personenbezug Ihrer IP-Adresse. Im Rahmen der Vereinbarung zur Auftragsdatenvereinbarung, welche die Websitebetreiber mit der Google Inc. geschlossen haben, erstellt diese mithilfe der gesammelten Informationen eine Auswertung der Websitenutzung und der Websiteaktivit\u00e4t und erbringt mit der Internetnutzung verbundene Dienstleistungen.<br \/>Sie haben die M\u00f6glichkeit, die Speicherung des Cookies auf Ihrem Ger\u00e4t zu verhindern, indem Sie in Ihrem Browser entsprechende Einstellungen vornehmen. Es ist nicht gew\u00e4hrleistet, dass Sie auf alle Funktionen dieser Website ohne Einschr\u00e4nkungen zugreifen k\u00f6nnen, wenn Ihr Browser keine Cookies zul\u00e4sst.<br \/>Weiterhin k\u00f6nnen Sie durch ein Browser-Plugin verhindern, dass die durch Cookies gesammelten Informationen (inklusive Ihrer IP-Adresse) an die Google Inc. gesendet und von der Google Inc. genutzt werden. Folgender Link f\u00fchrt Sie zu dem entsprechenden Plugin: https:\/\/tools.google.com\/dlpage\/gaoptout?hl=de<br \/>Alternativ verhindern Sie mit einem Klick auf diesen Link, dass Google Analytics innerhalb dieser Website Daten \u00fcber Sie erfasst. Mit dem Klick auf obigen Link laden Sie ein \u201eOpt-Out-Cookie\u201c herunter. Ihr Browser muss die Speicherung von Cookies also hierzu grunds\u00e4tzlich erlauben. L\u00f6schen Sie Ihre Cookies regelm\u00e4\u00dfig, ist ein erneuter Klick auf den Link bei jedem Besuch dieser Website vonn\u00f6ten.<br \/>Hier finden Sie weitere Informationen zur Datennutzung durch die Google Inc.: https:\/\/support.google.com\/analytics\/answer\/6004245?hl=de<\/li><li>Nutzung von Social-Media-Plugins<br \/>Diese Website verwendet keine Social Plugins.<\/li><li>Rechte des Nutzers: Auskunft, Berichtigung und L\u00f6schung<br \/>Sie als Nutzer erhalten auf Antrag Ihrerseits kostenlose Auskunft dar\u00fcber, welche personenbezogenen Daten \u00fcber Sie gespeichert wurden. Sofern Ihr Wunsch nicht mit einer gesetzlichen Pflicht zur Aufbewahrung von Daten (z. B. Vorratsdatenspeicherung) kollidiert, haben Sie ein Anrecht auf Berichtigung falscher Daten und auf die Sperrung oder L\u00f6schung Ihrer personenbezogenen Daten.<\/li><\/ul>\t\t\t\t\t\t\t\t<\/div>\n\t\t\t\t<\/div>\n\t\t\t\t\t<\/div>\n\t\t<\/div>\n\t\t\t\t\t<\/div>\n\t\t<\/section>\n\t\t\t\t<\/div>","protected":false},"excerpt":{"rendered":"<p>GeltungsbereichDiese Datenschutzerkl\u00e4rung soll die Nutzer dieser Website gem\u00e4\u00df Bundesdatenschutzgesetz und Telemediengesetz \u00fcber die Art, den Umfang und den Zweck der Erhebung und Verwendung personenbezogener Daten durch den Websitebetreiber informieren.Der Websitebetreiber nimmt Ihren Datenschutz sehr ernst und behandelt Ihre personenbezogenen Daten vertraulich und entsprechend der gesetzlichen Vorschriften. Verantwortliche Stelle (Websitebetreiber)Verantwortliche Stelle f\u00fcr die Erhebung, Verarbeitung und [&hellip;]<\/p>","protected":false},"author":1,"featured_media":0,"parent":0,"menu_order":0,"comment_status":"closed","ping_status":"closed","template":"","meta":{"ocean_post_layout":"full-width","ocean_both_sidebars_style":"","ocean_both_sidebars_content_width":0,"ocean_both_sidebars_sidebars_width":0,"ocean_sidebar":"0","ocean_second_sidebar":"0","ocean_disable_margins":"enable","ocean_add_body_class":"","ocean_shortcode_before_top_bar":"","ocean_shortcode_after_top_bar":"","ocean_shortcode_before_header":"","ocean_shortcode_after_header":"","ocean_has_shortcode":"","ocean_shortcode_after_title":"","ocean_shortcode_before_footer_widgets":"","ocean_shortcode_after_footer_widgets":"","ocean_shortcode_before_footer_bottom":"","ocean_shortcode_after_footer_bottom":"","ocean_display_top_bar":"default","ocean_display_header":"default","ocean_header_style":"","ocean_center_header_left_menu":"0","ocean_custom_header_template":"0","ocean_custom_logo":0,"ocean_custom_retina_logo":0,"ocean_custom_logo_max_width":0,"ocean_custom_logo_tablet_max_width":0,"ocean_custom_logo_mobile_max_width":0,"ocean_custom_logo_max_height":0,"ocean_custom_logo_tablet_max_height":0,"ocean_custom_logo_mobile_max_height":0,"ocean_header_custom_menu":"0","ocean_menu_typo_font_family":"0","ocean_menu_typo_font_subset":"","ocean_menu_typo_font_size":0,"ocean_menu_typo_font_size_tablet":0,"ocean_menu_typo_font_size_mobile":0,"ocean_menu_typo_font_size_unit":"px","ocean_menu_typo_font_weight":"","ocean_menu_typo_font_weight_tablet":"","ocean_menu_typo_font_weight_mobile":"","ocean_menu_typo_transform":"","ocean_menu_typo_transform_tablet":"","ocean_menu_typo_transform_mobile":"","ocean_menu_typo_line_height":0,"ocean_menu_typo_line_height_tablet":0,"ocean_menu_typo_line_height_mobile":0,"ocean_menu_typo_line_height_unit":"","ocean_menu_typo_spacing":0,"ocean_menu_typo_spacing_tablet":0,"ocean_menu_typo_spacing_mobile":0,"ocean_menu_typo_spacing_unit":"","ocean_menu_link_color":"","ocean_menu_link_color_hover":"","ocean_menu_link_color_active":"","ocean_menu_link_background":"","ocean_menu_link_hover_background":"","ocean_menu_link_active_background":"","ocean_menu_social_links_bg":"","ocean_menu_social_hover_links_bg":"","ocean_menu_social_links_color":"","ocean_menu_social_hover_links_color":"","ocean_disable_title":"default","ocean_disable_heading":"default","ocean_post_title":"","ocean_post_subheading":"","ocean_post_title_style":"","ocean_post_title_background_color":"","ocean_post_title_background":0,"ocean_post_title_bg_image_position":"","ocean_post_title_bg_image_attachment":"","ocean_post_title_bg_image_repeat":"","ocean_post_title_bg_image_size":"","ocean_post_title_height":0,"ocean_post_title_bg_overlay":0.5,"ocean_post_title_bg_overlay_color":"","ocean_disable_breadcrumbs":"default","ocean_breadcrumbs_color":"","ocean_breadcrumbs_separator_color":"","ocean_breadcrumbs_links_color":"","ocean_breadcrumbs_links_hover_color":"","ocean_display_footer_widgets":"off","ocean_display_footer_bottom":"off","ocean_custom_footer_template":"0","footnotes":""},"class_list":["post-358","page","type-page","status-publish","hentry","entry"],"yoast_head":"<!-- This site is optimized with the Yoast SEO plugin v26.0 - https:\/\/yoast.com\/wordpress\/plugins\/seo\/ -->\n<title>Datenschutzerkl\u00e4rung - Holzpflasterwerk B\u00f6hrigen GmbH<\/title>\n<meta name=\"description\" content=\"Hier finden Sie unsere Datenschutzerkl\u00e4rung und weiterf\u00fchrende Informationen\" \/>\n<meta name=\"robots\" content=\"index, follow, max-snippet:-1, max-image-preview:large, max-video-preview:-1\" \/>\n<link rel=\"canonical\" href=\"https:\/\/holzpflaster-boehrigen.de\/en\/datenschutzerklaerung\/\" \/>\n<meta property=\"og:locale\" content=\"en_GB\" \/>\n<meta property=\"og:type\" content=\"article\" \/>\n<meta property=\"og:title\" content=\"Datenschutzerkl\u00e4rung - Holzpflasterwerk B\u00f6hrigen GmbH\" \/>\n<meta property=\"og:description\" content=\"Hier finden Sie unsere Datenschutzerkl\u00e4rung und weiterf\u00fchrende Informationen\" \/>\n<meta property=\"og:url\" content=\"https:\/\/holzpflaster-boehrigen.de\/en\/datenschutzerklaerung\/\" \/>\n<meta property=\"og:site_name\" content=\"Holzpflasterwerk B\u00f6hrigen GmbH\" \/>\n<meta property=\"article:modified_time\" content=\"2025-09-12T08:11:48+00:00\" \/>\n<meta name=\"twitter:card\" content=\"summary_large_image\" \/>\n<meta name=\"twitter:label1\" content=\"Estimated reading time\" \/>\n\t<meta name=\"twitter:data1\" content=\"5 minutes\" \/>\n<script type=\"application\/ld+json\" class=\"yoast-schema-graph\">{\"@context\":\"https:\/\/schema.org\",\"@graph\":[{\"@type\":\"WebPage\",\"@id\":\"https:\/\/holzpflaster-boehrigen.de\/datenschutzerklaerung\/\",\"url\":\"https:\/\/holzpflaster-boehrigen.de\/datenschutzerklaerung\/\",\"name\":\"Datenschutzerkl\u00e4rung - Holzpflasterwerk B\u00f6hrigen GmbH\",\"isPartOf\":{\"@id\":\"https:\/\/holzpflaster-boehrigen.de\/#website\"},\"datePublished\":\"2021-08-20T08:28:59+00:00\",\"dateModified\":\"2025-09-12T08:11:48+00:00\",\"description\":\"Hier finden Sie unsere Datenschutzerkl\u00e4rung und weiterf\u00fchrende Informationen\",\"breadcrumb\":{\"@id\":\"https:\/\/holzpflaster-boehrigen.de\/datenschutzerklaerung\/#breadcrumb\"},\"inLanguage\":\"en-GB\",\"potentialAction\":[{\"@type\":\"ReadAction\",\"target\":[\"https:\/\/holzpflaster-boehrigen.de\/datenschutzerklaerung\/\"]}]},{\"@type\":\"BreadcrumbList\",\"@id\":\"https:\/\/holzpflaster-boehrigen.de\/datenschutzerklaerung\/#breadcrumb\",\"itemListElement\":[{\"@type\":\"ListItem\",\"position\":1,\"name\":\"Startseite\",\"item\":\"https:\/\/holzpflaster-boehrigen.de\/\"},{\"@type\":\"ListItem\",\"position\":2,\"name\":\"Datenschutzerkl\u00e4rung\"}]},{\"@type\":\"WebSite\",\"@id\":\"https:\/\/holzpflaster-boehrigen.de\/#website\",\"url\":\"https:\/\/holzpflaster-boehrigen.de\/\",\"name\":\"Holzpflasterwerk B\u00f6hrigen GmbH\",\"description\":\"\",\"publisher\":{\"@id\":\"https:\/\/holzpflaster-boehrigen.de\/#organization\"},\"potentialAction\":[{\"@type\":\"SearchAction\",\"target\":{\"@type\":\"EntryPoint\",\"urlTemplate\":\"https:\/\/holzpflaster-boehrigen.de\/?s={search_term_string}\"},\"query-input\":{\"@type\":\"PropertyValueSpecification\",\"valueRequired\":true,\"valueName\":\"search_term_string\"}}],\"inLanguage\":\"en-GB\"},{\"@type\":\"Organization\",\"@id\":\"https:\/\/holzpflaster-boehrigen.de\/#organization\",\"name\":\"Holzpflasterwerk B\u00f6hrigen GmbH\",\"url\":\"https:\/\/holzpflaster-boehrigen.de\/\",\"logo\":{\"@type\":\"ImageObject\",\"inLanguage\":\"en-GB\",\"@id\":\"https:\/\/holzpflaster-boehrigen.de\/#\/schema\/logo\/image\/\",\"url\":\"https:\/\/holzpflaster-boehrigen.de\/wp-content\/uploads\/2021\/08\/cropped-logo01.png\",\"contentUrl\":\"https:\/\/holzpflaster-boehrigen.de\/wp-content\/uploads\/2021\/08\/cropped-logo01.png\",\"width\":180,\"height\":180,\"caption\":\"Holzpflasterwerk B\u00f6hrigen GmbH\"},\"image\":{\"@id\":\"https:\/\/holzpflaster-boehrigen.de\/#\/schema\/logo\/image\/\"}}]}<\/script>\n<!-- \/ Yoast SEO plugin. -->","yoast_head_json":{"title":"Datenschutzerkl\u00e4rung - Holzpflasterwerk B\u00f6hrigen GmbH","description":"Hier finden Sie unsere Datenschutzerkl\u00e4rung und weiterf\u00fchrende Informationen","robots":{"index":"index","follow":"follow","max-snippet":"max-snippet:-1","max-image-preview":"max-image-preview:large","max-video-preview":"max-video-preview:-1"},"canonical":"https:\/\/holzpflaster-boehrigen.de\/en\/datenschutzerklaerung\/","og_locale":"en_GB","og_type":"article","og_title":"Datenschutzerkl\u00e4rung - Holzpflasterwerk B\u00f6hrigen GmbH","og_description":"Hier finden Sie unsere Datenschutzerkl\u00e4rung und weiterf\u00fchrende Informationen","og_url":"https:\/\/holzpflaster-boehrigen.de\/en\/datenschutzerklaerung\/","og_site_name":"Holzpflasterwerk B\u00f6hrigen GmbH","article_modified_time":"2025-09-12T08:11:48+00:00","twitter_card":"summary_large_image","twitter_misc":{"Estimated reading time":"5 minutes"},"schema":{"@context":"https:\/\/schema.org","@graph":[{"@type":"WebPage","@id":"https:\/\/holzpflaster-boehrigen.de\/datenschutzerklaerung\/","url":"https:\/\/holzpflaster-boehrigen.de\/datenschutzerklaerung\/","name":"Datenschutzerkl\u00e4rung - Holzpflasterwerk B\u00f6hrigen GmbH","isPartOf":{"@id":"https:\/\/holzpflaster-boehrigen.de\/#website"},"datePublished":"2021-08-20T08:28:59+00:00","dateModified":"2025-09-12T08:11:48+00:00","description":"Hier finden Sie unsere Datenschutzerkl\u00e4rung und weiterf\u00fchrende Informationen","breadcrumb":{"@id":"https:\/\/holzpflaster-boehrigen.de\/datenschutzerklaerung\/#breadcrumb"},"inLanguage":"en-GB","potentialAction":[{"@type":"ReadAction","target":["https:\/\/holzpflaster-boehrigen.de\/datenschutzerklaerung\/"]}]},{"@type":"BreadcrumbList","@id":"https:\/\/holzpflaster-boehrigen.de\/datenschutzerklaerung\/#breadcrumb","itemListElement":[{"@type":"ListItem","position":1,"name":"Startseite","item":"https:\/\/holzpflaster-boehrigen.de\/"},{"@type":"ListItem","position":2,"name":"Datenschutzerkl\u00e4rung"}]},{"@type":"WebSite","@id":"https:\/\/holzpflaster-boehrigen.de\/#website","url":"https:\/\/holzpflaster-boehrigen.de\/","name":"Holzpflasterwerk B\u00f6hrigen GmbH","description":"","publisher":{"@id":"https:\/\/holzpflaster-boehrigen.de\/#organization"},"potentialAction":[{"@type":"SearchAction","target":{"@type":"EntryPoint","urlTemplate":"https:\/\/holzpflaster-boehrigen.de\/?s={search_term_string}"},"query-input":{"@type":"PropertyValueSpecification","valueRequired":true,"valueName":"search_term_string"}}],"inLanguage":"en-GB"},{"@type":"Organization","@id":"https:\/\/holzpflaster-boehrigen.de\/#organization","name":"Holzpflasterwerk B\u00f6hrigen GmbH","url":"https:\/\/holzpflaster-boehrigen.de\/","logo":{"@type":"ImageObject","inLanguage":"en-GB","@id":"https:\/\/holzpflaster-boehrigen.de\/#\/schema\/logo\/image\/","url":"https:\/\/holzpflaster-boehrigen.de\/wp-content\/uploads\/2021\/08\/cropped-logo01.png","contentUrl":"https:\/\/holzpflaster-boehrigen.de\/wp-content\/uploads\/2021\/08\/cropped-logo01.png","width":180,"height":180,"caption":"Holzpflasterwerk B\u00f6hrigen GmbH"},"image":{"@id":"https:\/\/holzpflaster-boehrigen.de\/#\/schema\/logo\/image\/"}}]}},"_links":{"self":[{"href":"https:\/\/holzpflaster-boehrigen.de\/en\/wp-json\/wp\/v2\/pages\/358","targetHints":{"allow":["GET"]}}],"collection":[{"href":"https:\/\/holzpflaster-boehrigen.de\/en\/wp-json\/wp\/v2\/pages"}],"about":[{"href":"https:\/\/holzpflaster-boehrigen.de\/en\/wp-json\/wp\/v2\/types\/page"}],"author":[{"embeddable":true,"href":"https:\/\/holzpflaster-boehrigen.de\/en\/wp-json\/wp\/v2\/users\/1"}],"replies":[{"embeddable":true,"href":"https:\/\/holzpflaster-boehrigen.de\/en\/wp-json\/wp\/v2\/comments?post=358"}],"version-history":[{"count":7,"href":"https:\/\/holzpflaster-boehrigen.de\/en\/wp-json\/wp\/v2\/pages\/358\/revisions"}],"predecessor-version":[{"id":1187,"href":"https:\/\/holzpflaster-boehrigen.de\/en\/wp-json\/wp\/v2\/pages\/358\/revisions\/1187"}],"wp:attachment":[{"href":"https:\/\/holzpflaster-boehrigen.de\/en\/wp-json\/wp\/v2\/media?parent=358"}],"curies":[{"name":"wp","href":"https:\/\/api.w.org\/{rel}","templated":true}]}}